{"id":19,"date":"2024-12-05T16:35:25","date_gmt":"2024-12-05T15:35:25","guid":{"rendered":"http:\/\/litalianometz.com\/?page_id=19"},"modified":"2025-06-18T14:56:51","modified_gmt":"2025-06-18T12:56:51","slug":"avis","status":"publish","type":"page","link":"https:\/\/litalianometz.com\/index.php\/avis\/","title":{"rendered":"Avis"},"content":{"rendered":"<p>[et_pb_section fb_built=\u00a0\u00bb1&Prime; admin_label=\u00a0\u00bbHeader &#038; About\u00a0\u00bb _builder_version=\u00a0\u00bb4.25.1&Prime; _module_preset=\u00a0\u00bbdefault\u00a0\u00bb custom_padding=\u00a0\u00bb54px|||||\u00a0\u00bb collapsed=\u00a0\u00bbon\u00a0\u00bb global_colors_info=\u00a0\u00bb{}\u00a0\u00bb][et_pb_row _builder_version=\u00a0\u00bb4.25.1&Prime; _module_preset=\u00a0\u00bbdefault\u00a0\u00bb global_colors_info=\u00a0\u00bb{}\u00a0\u00bb][et_pb_column type=\u00a0\u00bb4_4&Prime; _builder_version=\u00a0\u00bb4.25.1&Prime; _module_preset=\u00a0\u00bbdefault\u00a0\u00bb global_colors_info=\u00a0\u00bb{}\u00a0\u00bb][et_pb_heading title=\u00a0\u00bbIls en parlent mieux que nous\u00a0\u00bb _builder_version=\u00a0\u00bb4.27.4&Prime; _module_preset=\u00a0\u00bb57ba1f69-5d27-4fd9-9da8-6057ead7982d\u00a0\u00bb title_font=\u00a0\u00bbErica One|700||on|||||\u00a0\u00bb title_text_color=\u00a0\u00bbgcid-bcbbdbe6-544e-479d-a7ed-70c898b2b505&Prime; custom_margin=\u00a0\u00bb||10px||false|false\u00a0\u00bb global_colors_info=\u00a0\u00bb{%22gcid-bcbbdbe6-544e-479d-a7ed-70c898b2b505%22:%91%22title_text_color%22%93}\u00a0\u00bb][\/et_pb_heading][\/et_pb_column][\/et_pb_row][et_pb_row column_structure=\u00a0\u00bb1_2,1_2&Prime; _builder_version=\u00a0\u00bb4.27.4&Prime; _module_preset=\u00a0\u00bbdefault\u00a0\u00bb global_colors_info=\u00a0\u00bb{}\u00a0\u00bb][et_pb_column type=\u00a0\u00bb1_2&Prime; _builder_version=\u00a0\u00bb4.27.4&Prime; _module_preset=\u00a0\u00bbdefault\u00a0\u00bb global_colors_info=\u00a0\u00bb{}\u00a0\u00bb][et_pb_text _builder_version=\u00a0\u00bb4.27.4&Prime; _module_preset=\u00a0\u00bbdefault\u00a0\u00bb text_font=\u00a0\u00bbPoppins|700|||||||\u00a0\u00bb text_text_color=\u00a0\u00bbgcid-c8811652-6e83-4613-b805-b568fd7480b1&Prime; text_font_size=\u00a0\u00bb21px\u00a0\u00bb header_font_size=\u00a0\u00bb35px\u00a0\u00bb global_colors_info=\u00a0\u00bb{%22gcid-c8811652-6e83-4613-b805-b568fd7480b1%22:%91%22text_text_color%22%93}\u00a0\u00bb]<\/p>\n<p>Gr\u00e9gory<\/p>\n<p>[\/et_pb_text][et_pb_testimonial author=\u00a0\u00bb\u2b50\ufe0f\u2b50\ufe0f\u2b50\ufe0f\u2b50\ufe0f\u2b50\ufe0f\u00a0\u00bb portrait_url=\u00a0\u00bbhttp:\/\/litalianometz.com\/wp-content\/uploads\/2025\/06\/1.png\u00a0\u00bb _builder_version=\u00a0\u00bb4.27.4&Prime; _module_preset=\u00a0\u00bbdefault\u00a0\u00bb body_font=\u00a0\u00bbPoppins||||||||\u00a0\u00bb body_text_color=\u00a0\u00bbgcid-c8811652-6e83-4613-b805-b568fd7480b1&Prime; author_font=\u00a0\u00bbPoppins|700|||||||\u00a0\u00bb author_text_color=\u00a0\u00bbgcid-c8811652-6e83-4613-b805-b568fd7480b1&Prime; background_color=\u00a0\u00bb#EDEDED\u00a0\u00bb author_text_shadow_style=\u00a0\u00bbpreset5&Prime; global_colors_info=\u00a0\u00bb{%22gcid-c8811652-6e83-4613-b805-b568fd7480b1%22:%91%22body_text_color%22,%22author_text_color%22%93}\u00a0\u00bb]<\/p>\n<p>Pourtant habitu\u00e9 de ce restaurant que je fr\u00e9quente assid\u00fbment pour la qualit\u00e9 de ses plats et pizzas, j\u2019ai encore r\u00e9ussi \u00e0 \u00eatre surpris et il en faut pour me surprendre! La pizza du mois est tout simplement hallucinante ! Un m\u00e9lange \u00e9quilibr\u00e9 et p\u00e2te toujours aussi bonne ! Un grand 20\/20 pour cette pizza que je reviendrai manger rapidement.<\/p>\n<p>[\/et_pb_testimonial][\/et_pb_column][et_pb_column type=\u00a0\u00bb1_2&Prime; _builder_version=\u00a0\u00bb4.27.4&Prime; _module_preset=\u00a0\u00bbdefault\u00a0\u00bb global_colors_info=\u00a0\u00bb{}\u00a0\u00bb][et_pb_text _builder_version=\u00a0\u00bb4.27.4&Prime; _module_preset=\u00a0\u00bbdefault\u00a0\u00bb text_font=\u00a0\u00bbPoppins|700|||||||\u00a0\u00bb text_text_color=\u00a0\u00bbgcid-c8811652-6e83-4613-b805-b568fd7480b1&Prime; text_font_size=\u00a0\u00bb21px\u00a0\u00bb header_font_size=\u00a0\u00bb35px\u00a0\u00bb global_colors_info=\u00a0\u00bb{%22gcid-c8811652-6e83-4613-b805-b568fd7480b1%22:%91%22text_text_color%22%93}\u00a0\u00bb]<\/p>\n<p>Hubert<\/p>\n<p>[\/et_pb_text][et_pb_testimonial author=\u00a0\u00bb\u2b50\ufe0f\u2b50\ufe0f\u2b50\ufe0f\u2b50\ufe0f\u2b50\ufe0f\u00a0\u00bb portrait_url=\u00a0\u00bbhttp:\/\/litalianometz.com\/wp-content\/uploads\/2025\/06\/3.png\u00a0\u00bb _builder_version=\u00a0\u00bb4.27.4&Prime; _module_preset=\u00a0\u00bbdefault\u00a0\u00bb body_font=\u00a0\u00bbPoppins||||||||\u00a0\u00bb body_text_color=\u00a0\u00bbgcid-c8811652-6e83-4613-b805-b568fd7480b1&Prime; author_font=\u00a0\u00bbPoppins|700|||||||\u00a0\u00bb author_text_color=\u00a0\u00bbgcid-c8811652-6e83-4613-b805-b568fd7480b1&Prime; background_color=\u00a0\u00bb#EDEDED\u00a0\u00bb author_text_shadow_style=\u00a0\u00bbpreset5&Prime; global_colors_info=\u00a0\u00bb{%22gcid-c8811652-6e83-4613-b805-b568fd7480b1%22:%91%22body_text_color%22,%22author_text_color%22%93}\u00a0\u00bb]<\/p>\n<p>Notre cantine \u00e0 pizzas depuis 2009. C&rsquo;est aussi apr\u00e8s avoir test\u00e9 de nombreuses pizzas partout en Europe qu&rsquo;on se rend compte qu&rsquo;on a bien de la chance d&rsquo;avoir ce petit resto pr\u00e8s de chez nous. Bien qu&rsquo;on ne mange plus sur place depuis de nombreuses ann\u00e9es, on appr\u00e9cie toujours venir r\u00e9cup\u00e9rer ces petits bouts d&rsquo;Italie (enfin, pas si petits que \u00e7a \ud83d\ude05). Merci et en esp\u00e9rant encore de nombreuses ann\u00e9es !<\/p>\n<p>[\/et_pb_testimonial][\/et_pb_column][\/et_pb_row][et_pb_row column_structure=\u00a0\u00bb1_2,1_2&Prime; _builder_version=\u00a0\u00bb4.27.4&Prime; _module_preset=\u00a0\u00bbdefault\u00a0\u00bb global_colors_info=\u00a0\u00bb{}\u00a0\u00bb][et_pb_column type=\u00a0\u00bb1_2&Prime; _builder_version=\u00a0\u00bb4.27.4&Prime; _module_preset=\u00a0\u00bbdefault\u00a0\u00bb global_colors_info=\u00a0\u00bb{}\u00a0\u00bb][et_pb_text _builder_version=\u00a0\u00bb4.27.4&Prime; _module_preset=\u00a0\u00bbdefault\u00a0\u00bb text_font=\u00a0\u00bbPoppins|700|||||||\u00a0\u00bb text_text_color=\u00a0\u00bbgcid-c8811652-6e83-4613-b805-b568fd7480b1&Prime; text_font_size=\u00a0\u00bb21px\u00a0\u00bb header_font_size=\u00a0\u00bb35px\u00a0\u00bb global_colors_info=\u00a0\u00bb{%22gcid-c8811652-6e83-4613-b805-b568fd7480b1%22:%91%22text_text_color%22%93}\u00a0\u00bb]<\/p>\n<p><span>Christophe<\/span><\/p>\n<p>[\/et_pb_text][et_pb_testimonial author=\u00a0\u00bb\u2b50\ufe0f\u2b50\ufe0f\u2b50\ufe0f\u2b50\ufe0f\u2b50\ufe0f\u00a0\u00bb portrait_url=\u00a0\u00bbhttp:\/\/litalianometz.com\/wp-content\/uploads\/2025\/06\/4.png\u00a0\u00bb _builder_version=\u00a0\u00bb4.27.4&Prime; _module_preset=\u00a0\u00bbdefault\u00a0\u00bb body_font=\u00a0\u00bbPoppins||||||||\u00a0\u00bb body_text_color=\u00a0\u00bbgcid-c8811652-6e83-4613-b805-b568fd7480b1&Prime; author_font=\u00a0\u00bbPoppins|700|||||||\u00a0\u00bb author_text_color=\u00a0\u00bbgcid-c8811652-6e83-4613-b805-b568fd7480b1&Prime; background_color=\u00a0\u00bb#EDEDED\u00a0\u00bb author_text_shadow_style=\u00a0\u00bbpreset5&Prime; global_colors_info=\u00a0\u00bb{%22gcid-c8811652-6e83-4613-b805-b568fd7480b1%22:%91%22body_text_color%22,%22author_text_color%22%93}\u00a0\u00bb]<\/p>\n<p>Nous avons d\u00e9couvert ce restaurant apr\u00e8s avoir re\u00e7u une Smartbox en cadeau. Nous avons beaucoup appr\u00e9ci\u00e9. Le repas \u00e9tait copieux et d\u00e9licieux, la serveuse tr\u00e8s sympathique et le chef a pris le temps d&rsquo;aller voir tous les clients de la salle pour savoir si tout se passait bien. Nous y reviendrons avec plaisir !<\/p>\n<p>[\/et_pb_testimonial][\/et_pb_column][et_pb_column type=\u00a0\u00bb1_2&Prime; _builder_version=\u00a0\u00bb4.27.4&Prime; _module_preset=\u00a0\u00bbdefault\u00a0\u00bb global_colors_info=\u00a0\u00bb{}\u00a0\u00bb][et_pb_text _builder_version=\u00a0\u00bb4.27.4&Prime; _module_preset=\u00a0\u00bbdefault\u00a0\u00bb text_font=\u00a0\u00bbPoppins|700|||||||\u00a0\u00bb text_text_color=\u00a0\u00bbgcid-c8811652-6e83-4613-b805-b568fd7480b1&Prime; text_font_size=\u00a0\u00bb21px\u00a0\u00bb header_font_size=\u00a0\u00bb35px\u00a0\u00bb global_colors_info=\u00a0\u00bb{%22gcid-c8811652-6e83-4613-b805-b568fd7480b1%22:%91%22text_text_color%22%93}\u00a0\u00bb]<\/p>\n<p>Sylvie<\/p>\n<p>[\/et_pb_text][et_pb_testimonial author=\u00a0\u00bb\u2b50\ufe0f\u2b50\ufe0f\u2b50\ufe0f\u2b50\ufe0f\u2b50\ufe0f\u00a0\u00bb portrait_url=\u00a0\u00bbhttp:\/\/litalianometz.com\/wp-content\/uploads\/2025\/06\/2.png\u00a0\u00bb _builder_version=\u00a0\u00bb4.27.4&Prime; _module_preset=\u00a0\u00bbdefault\u00a0\u00bb body_font=\u00a0\u00bbPoppins||||||||\u00a0\u00bb body_text_color=\u00a0\u00bbgcid-c8811652-6e83-4613-b805-b568fd7480b1&Prime; author_font=\u00a0\u00bbPoppins|700|||||||\u00a0\u00bb author_text_color=\u00a0\u00bbgcid-c8811652-6e83-4613-b805-b568fd7480b1&Prime; background_color=\u00a0\u00bb#EDEDED\u00a0\u00bb author_text_shadow_style=\u00a0\u00bbpreset5&Prime; global_colors_info=\u00a0\u00bb{%22gcid-c8811652-6e83-4613-b805-b568fd7480b1%22:%91%22body_text_color%22,%22author_text_color%22%93}\u00a0\u00bb]<\/p>\n<p>Super restaurant sur magny ! Le patron et la serveuse sont vraiment sympa, toujours souriant et bien accueilli et franchement on voit qu\u2019en cuisine ils ont des sacr\u00e9s recettes ! Les p\u00e2tes du chef sont \u00e0 tomber par terre, et mes amis ont prit une grande salade et une escalope, ils se sont tous r\u00e9gal\u00e9s ! Rien \u00e0 dire de n\u00e9gatif !<\/p>\n<p>[\/et_pb_testimonial][\/et_pb_column][\/et_pb_row][et_pb_row column_structure=\u00a0\u00bb1_2,1_2&Prime; _builder_version=\u00a0\u00bb4.27.4&Prime; _module_preset=\u00a0\u00bbdefault\u00a0\u00bb global_colors_info=\u00a0\u00bb{}\u00a0\u00bb][et_pb_column type=\u00a0\u00bb1_2&Prime; _builder_version=\u00a0\u00bb4.27.4&Prime; _module_preset=\u00a0\u00bbdefault\u00a0\u00bb global_colors_info=\u00a0\u00bb{}\u00a0\u00bb][et_pb_text _builder_version=\u00a0\u00bb4.27.4&Prime; _module_preset=\u00a0\u00bbdefault\u00a0\u00bb text_font=\u00a0\u00bbPoppins|700|||||||\u00a0\u00bb text_text_color=\u00a0\u00bbgcid-c8811652-6e83-4613-b805-b568fd7480b1&Prime; text_font_size=\u00a0\u00bb21px\u00a0\u00bb header_font_size=\u00a0\u00bb35px\u00a0\u00bb global_colors_info=\u00a0\u00bb{%22gcid-c8811652-6e83-4613-b805-b568fd7480b1%22:%91%22text_text_color%22%93}\u00a0\u00bb]<\/p>\n<p>Zakaria<\/p>\n<p>[\/et_pb_text][et_pb_testimonial author=\u00a0\u00bb\u2b50\ufe0f\u2b50\ufe0f\u2b50\ufe0f\u2b50\ufe0f\u2b50\ufe0f\u00a0\u00bb portrait_url=\u00a0\u00bbhttp:\/\/litalianometz.com\/wp-content\/uploads\/2025\/06\/5.png\u00a0\u00bb _builder_version=\u00a0\u00bb4.27.4&Prime; _module_preset=\u00a0\u00bbdefault\u00a0\u00bb body_font=\u00a0\u00bbPoppins||||||||\u00a0\u00bb body_text_color=\u00a0\u00bbgcid-c8811652-6e83-4613-b805-b568fd7480b1&Prime; author_font=\u00a0\u00bbPoppins|700|||||||\u00a0\u00bb author_text_color=\u00a0\u00bbgcid-c8811652-6e83-4613-b805-b568fd7480b1&Prime; background_color=\u00a0\u00bb#EDEDED\u00a0\u00bb author_text_shadow_style=\u00a0\u00bbpreset5&Prime; global_colors_info=\u00a0\u00bb{%22gcid-c8811652-6e83-4613-b805-b568fd7480b1%22:%91%22body_text_color%22,%22author_text_color%22%93}\u00a0\u00bb]<\/p>\n<p>Plats copieux. Tous les plats donnent envie. Du coup on a prit pizza plus p\u00e2tes. C&rsquo;\u00e9tait un d\u00e9lice. Le patron enfin je pense que c \u00e9tait le patron tr\u00e8s sympa mais surtout multit\u00e2ches. Au four et au moulin. Je conseille fortement.<\/p>\n<p>[\/et_pb_testimonial][\/et_pb_column][et_pb_column type=\u00a0\u00bb1_2&Prime; _builder_version=\u00a0\u00bb4.27.4&Prime; _module_preset=\u00a0\u00bbdefault\u00a0\u00bb global_colors_info=\u00a0\u00bb{}\u00a0\u00bb][et_pb_text _builder_version=\u00a0\u00bb4.27.4&Prime; _module_preset=\u00a0\u00bbdefault\u00a0\u00bb text_font=\u00a0\u00bbPoppins|700|||||||\u00a0\u00bb text_text_color=\u00a0\u00bbgcid-c8811652-6e83-4613-b805-b568fd7480b1&Prime; text_font_size=\u00a0\u00bb21px\u00a0\u00bb header_font_size=\u00a0\u00bb35px\u00a0\u00bb global_colors_info=\u00a0\u00bb{%22gcid-c8811652-6e83-4613-b805-b568fd7480b1%22:%91%22text_text_color%22%93}\u00a0\u00bb]<\/p>\n<p>Fr\u00e9d\u00e9rique<\/p>\n<p>[\/et_pb_text][et_pb_testimonial author=\u00a0\u00bb\u2b50\ufe0f\u2b50\ufe0f\u2b50\ufe0f\u2b50\ufe0f\u2b50\ufe0f\u00a0\u00bb portrait_url=\u00a0\u00bbhttp:\/\/litalianometz.com\/wp-content\/uploads\/2025\/06\/7.png\u00a0\u00bb _builder_version=\u00a0\u00bb4.27.4&Prime; _module_preset=\u00a0\u00bbdefault\u00a0\u00bb body_font=\u00a0\u00bbPoppins||||||||\u00a0\u00bb body_text_color=\u00a0\u00bbgcid-c8811652-6e83-4613-b805-b568fd7480b1&Prime; author_font=\u00a0\u00bbPoppins|700|||||||\u00a0\u00bb author_text_color=\u00a0\u00bbgcid-c8811652-6e83-4613-b805-b568fd7480b1&Prime; background_color=\u00a0\u00bb#EDEDED\u00a0\u00bb author_text_shadow_style=\u00a0\u00bbpreset5&Prime; global_colors_info=\u00a0\u00bb{%22gcid-c8811652-6e83-4613-b805-b568fd7480b1%22:%91%22body_text_color%22,%22author_text_color%22%93}\u00a0\u00bb]<\/p>\n<p>Premi\u00e8re fois dans ce restaurant qui nous a \u00e9t\u00e9 chaudement recommand\u00e9. C&rsquo;est excellent ! Ultra copieux et g\u00e9n\u00e9reux. Le personnel et le chef sont top ! Merci pour cette fabuleuse soir\u00e9e. On reviendra avec grand plaisir !<\/p>\n<p>[\/et_pb_testimonial][\/et_pb_column][\/et_pb_row][et_pb_row column_structure=\u00a0\u00bb1_2,1_2&Prime; _builder_version=\u00a0\u00bb4.27.4&Prime; _module_preset=\u00a0\u00bbdefault\u00a0\u00bb global_colors_info=\u00a0\u00bb{}\u00a0\u00bb][et_pb_column type=\u00a0\u00bb1_2&Prime; _builder_version=\u00a0\u00bb4.27.4&Prime; _module_preset=\u00a0\u00bbdefault\u00a0\u00bb global_colors_info=\u00a0\u00bb{}\u00a0\u00bb][et_pb_text _builder_version=\u00a0\u00bb4.27.4&Prime; _module_preset=\u00a0\u00bbdefault\u00a0\u00bb text_font=\u00a0\u00bbPoppins|700|||||||\u00a0\u00bb text_text_color=\u00a0\u00bbgcid-c8811652-6e83-4613-b805-b568fd7480b1&Prime; text_font_size=\u00a0\u00bb21px\u00a0\u00bb header_font_size=\u00a0\u00bb35px\u00a0\u00bb global_colors_info=\u00a0\u00bb{%22gcid-c8811652-6e83-4613-b805-b568fd7480b1%22:%91%22text_text_color%22%93}\u00a0\u00bb]<\/p>\n<p>Evelyne<\/p>\n<p>[\/et_pb_text][et_pb_testimonial author=\u00a0\u00bb\u2b50\ufe0f\u2b50\ufe0f\u2b50\ufe0f\u2b50\ufe0f\u2b50\ufe0f\u00a0\u00bb portrait_url=\u00a0\u00bbhttp:\/\/litalianometz.com\/wp-content\/uploads\/2025\/06\/6.png\u00a0\u00bb _builder_version=\u00a0\u00bb4.27.4&Prime; _module_preset=\u00a0\u00bbdefault\u00a0\u00bb body_font=\u00a0\u00bbPoppins||||||||\u00a0\u00bb body_text_color=\u00a0\u00bbgcid-c8811652-6e83-4613-b805-b568fd7480b1&Prime; author_font=\u00a0\u00bbPoppins|700|||||||\u00a0\u00bb author_text_color=\u00a0\u00bbgcid-c8811652-6e83-4613-b805-b568fd7480b1&Prime; background_color=\u00a0\u00bb#EDEDED\u00a0\u00bb author_text_shadow_style=\u00a0\u00bbpreset5&Prime; global_colors_info=\u00a0\u00bb{%22gcid-c8811652-6e83-4613-b805-b568fd7480b1%22:%91%22body_text_color%22,%22author_text_color%22%93}\u00a0\u00bb]<\/p>\n<p>Tr\u00e8s bonnes pizzas pas ch\u00e8res et copieuses ! Il n&rsquo;y a pas beaucoup de tables donc peut \u00eatre faudrait il r\u00e9server le week end par exemple. Le service est \u00e9galement impeccable<\/p>\n<p>[\/et_pb_testimonial][\/et_pb_column][et_pb_column type=\u00a0\u00bb1_2&Prime; _builder_version=\u00a0\u00bb4.27.4&Prime; _module_preset=\u00a0\u00bbdefault\u00a0\u00bb global_colors_info=\u00a0\u00bb{}\u00a0\u00bb][et_pb_text _builder_version=\u00a0\u00bb4.27.4&Prime; _module_preset=\u00a0\u00bbdefault\u00a0\u00bb text_font=\u00a0\u00bbPoppins|700|||||||\u00a0\u00bb text_text_color=\u00a0\u00bbgcid-c8811652-6e83-4613-b805-b568fd7480b1&Prime; text_font_size=\u00a0\u00bb21px\u00a0\u00bb header_font_size=\u00a0\u00bb35px\u00a0\u00bb global_colors_info=\u00a0\u00bb{%22gcid-c8811652-6e83-4613-b805-b568fd7480b1%22:%91%22text_text_color%22%93}\u00a0\u00bb]<\/p>\n<p>Ana\u00efs<\/p>\n<p>[\/et_pb_text][et_pb_testimonial author=\u00a0\u00bb\u2b50\ufe0f\u2b50\ufe0f\u2b50\ufe0f\u2b50\ufe0f\u2b50\ufe0f\u00a0\u00bb portrait_url=\u00a0\u00bbhttp:\/\/litalianometz.com\/wp-content\/uploads\/2025\/06\/8.png\u00a0\u00bb _builder_version=\u00a0\u00bb4.27.4&Prime; _module_preset=\u00a0\u00bbdefault\u00a0\u00bb body_font=\u00a0\u00bbPoppins||||||||\u00a0\u00bb body_text_color=\u00a0\u00bbgcid-c8811652-6e83-4613-b805-b568fd7480b1&Prime; author_font=\u00a0\u00bbPoppins|700|||||||\u00a0\u00bb author_text_color=\u00a0\u00bbgcid-c8811652-6e83-4613-b805-b568fd7480b1&Prime; background_color=\u00a0\u00bb#EDEDED\u00a0\u00bb author_text_shadow_style=\u00a0\u00bbpreset5&Prime; global_colors_info=\u00a0\u00bb{%22gcid-c8811652-6e83-4613-b805-b568fd7480b1%22:%91%22body_text_color%22,%22author_text_color%22%93}\u00a0\u00bb]<\/p>\n<p>Excellente cuisine savoureuse aux quantit\u00e9s tr\u00e8s g\u00e9n\u00e9reuses ! Je vous conseille les p\u00e2tes du chef ! Serveuse tr\u00e8s sympathique \u00e9galement. Je ne peux que recommander.<\/p>\n<p>[\/et_pb_testimonial][\/et_pb_column][\/et_pb_row][\/et_pb_section]<\/p>\n","protected":false},"excerpt":{"rendered":"<p>Gr\u00e9goryPourtant habitu\u00e9 de ce restaurant que je fr\u00e9quente assid\u00fbment pour la qualit\u00e9 de ses plats et pizzas, j\u2019ai encore r\u00e9ussi \u00e0 \u00eatre surpris et il en faut pour me surprendre! La pizza du mois est tout simplement hallucinante ! Un m\u00e9lange \u00e9quilibr\u00e9 et p\u00e2te toujours aussi bonne ! Un grand 20\/20 pour cette pizza que [&hellip;]<\/p>\n","protected":false},"author":1,"featured_media":0,"parent":0,"menu_order":0,"comment_status":"closed","ping_status":"closed","template":"","meta":{"_et_pb_use_builder":"on","_et_pb_old_content":"","_et_gb_content_width":"","footnotes":""},"class_list":["post-19","page","type-page","status-publish","hentry"],"_links":{"self":[{"href":"https:\/\/litalianometz.com\/index.php\/wp-json\/wp\/v2\/pages\/19","targetHints":{"allow":["GET"]}}],"collection":[{"href":"https:\/\/litalianometz.com\/index.php\/wp-json\/wp\/v2\/pages"}],"about":[{"href":"https:\/\/litalianometz.com\/index.php\/wp-json\/wp\/v2\/types\/page"}],"author":[{"embeddable":true,"href":"https:\/\/litalianometz.com\/index.php\/wp-json\/wp\/v2\/users\/1"}],"replies":[{"embeddable":true,"href":"https:\/\/litalianometz.com\/index.php\/wp-json\/wp\/v2\/comments?post=19"}],"version-history":[{"count":21,"href":"https:\/\/litalianometz.com\/index.php\/wp-json\/wp\/v2\/pages\/19\/revisions"}],"predecessor-version":[{"id":663,"href":"https:\/\/litalianometz.com\/index.php\/wp-json\/wp\/v2\/pages\/19\/revisions\/663"}],"wp:attachment":[{"href":"https:\/\/litalianometz.com\/index.php\/wp-json\/wp\/v2\/media?parent=19"}],"curies":[{"name":"wp","href":"https:\/\/api.w.org\/{rel}","templated":true}]}}